{"id":667,"date":"2022-10-31T19:25:25","date_gmt":"2022-10-31T17:25:25","guid":{"rendered":"https:\/\/merlerandmae.com\/?post_type=product&#038;p=667"},"modified":"2022-10-31T19:44:20","modified_gmt":"2022-10-31T17:44:20","slug":"bracelet-rain","status":"publish","type":"product","link":"https:\/\/www.merlerandmae.com\/en\/toode\/bracelet-rain\/","title":{"rendered":"BRACELET RAIN"},"content":{"rendered":"<h3 style=\"text-align: center;\"><strong>BRACELET RAIN<\/strong><\/h3>\n<hr \/>\n<h4 style=\"text-align: center;\">Maches well with whole collection.<\/h4>\n<h4 style=\"text-align: center;\">Unique and handmade<br \/>\nMade of 925 Silver<br \/>\nPacked into beautyful giftbox<br \/>\nEstonian design<br \/>\n___<\/h4>\n<h4 style=\"text-align: center;\">Lenght 20v 22.5<\/h4>\n<h4 style=\"text-align: center;\">If you didnt find perfect match,<br \/>\nplease contact us!<\/h4>\n","protected":false},"excerpt":{"rendered":"<p>BRACELET RAIN Maches well with whole collection. Unique and handmade Made of 925 Silver Packed into beautyful giftbox Estonian design ___ Lenght 20v 22.5 If you didnt find perfect match, please contact us!<\/p>\n","protected":false},"featured_media":669,"template":"","meta":{"_acf_changed":false},"product_brand":[],"product_cat":[59,61],"product_tag":[],"class_list":{"0":"post-667","1":"product","2":"type-product","3":"status-publish","4":"has-post-thumbnail","6":"product_cat-bracelets","7":"product_cat-rain","9":"first","10":"instock","11":"taxable","12":"shipping-taxable","13":"purchasable","14":"product-type-simple"},"acf":[],"yoast_head":"<!-- This site is optimized with the Yoast SEO plugin v26.8 - https:\/\/yoast.com\/product\/yoast-seo-wordpress\/ -->\n<title>BRACELET RAIN &#8226; L\u00d5\u00d5M by Merle Randm\u00e4e | Eesti disain<\/title>\n<meta name=\"description\" content=\"L\u00d5\u00d5M ehtedisain on julge ja eneseteadlik, armastab m\u00e4ngulisust ja ajatut minimalismi. K\u00f5ik on Eesti disain ja k\u00e4sit\u00f6\u00f6. Vaata valikut siit!\" \/>\n<meta name=\"robots\" content=\"index, follow, max-snippet:-1, max-image-preview:large, max-video-preview:-1\" \/>\n<link rel=\"canonical\" href=\"https:\/\/merlerandmae.com\/en\/toode\/bracelet-rain\/\" \/>\n<meta property=\"og:locale\" content=\"en_US\" \/>\n<meta property=\"og:type\" content=\"article\" \/>\n<meta property=\"og:title\" content=\"BRACELET RAIN &#8226; L\u00d5\u00d5M by Merle Randm\u00e4e | Eesti disain\" \/>\n<meta property=\"og:description\" content=\"L\u00d5\u00d5M ehtedisain on julge ja eneseteadlik, armastab m\u00e4ngulisust ja ajatut minimalismi. K\u00f5ik on Eesti disain ja k\u00e4sit\u00f6\u00f6. Vaata valikut siit!\" \/>\n<meta property=\"og:url\" content=\"https:\/\/merlerandmae.com\/en\/toode\/bracelet-rain\/\" \/>\n<meta property=\"og:site_name\" content=\"L\u00d5\u00d5M by Merle Randm\u00e4e | Eesti disain\" \/>\n<meta property=\"article:modified_time\" content=\"2022-10-31T17:44:20+00:00\" \/>\n<meta property=\"og:image\" content=\"https:\/\/www.merlerandmae.com\/wp-content\/uploads\/2022\/10\/VIHM-kaekett-1x-PIKKUS-20v225cm-Hind40E-scaled.jpg\" \/>\n\t<meta property=\"og:image:width\" content=\"2560\" \/>\n\t<meta property=\"og:image:height\" content=\"1707\" \/>\n\t<meta property=\"og:image:type\" content=\"image\/jpeg\" \/>\n<meta name=\"twitter:card\" content=\"summary_large_image\" \/>\n<script type=\"application\/ld+json\" class=\"yoast-schema-graph\">{\"@context\":\"https:\/\/schema.org\",\"@graph\":[{\"@type\":\"WebPage\",\"@id\":\"https:\/\/merlerandmae.com\/en\/toode\/bracelet-rain\/\",\"url\":\"https:\/\/merlerandmae.com\/en\/toode\/bracelet-rain\/\",\"name\":\"BRACELET RAIN &#8226; L\u00d5\u00d5M by Merle Randm\u00e4e | Eesti disain\",\"isPartOf\":{\"@id\":\"https:\/\/merlerandmae.com\/en\/#website\"},\"primaryImageOfPage\":{\"@id\":\"https:\/\/merlerandmae.com\/en\/toode\/bracelet-rain\/#primaryimage\"},\"image\":{\"@id\":\"https:\/\/merlerandmae.com\/en\/toode\/bracelet-rain\/#primaryimage\"},\"thumbnailUrl\":\"https:\/\/www.merlerandmae.com\/wp-content\/uploads\/2022\/10\/VIHM-kaekett-1x-PIKKUS-20v225cm-Hind40E-scaled.jpg\",\"datePublished\":\"2022-10-31T17:25:25+00:00\",\"dateModified\":\"2022-10-31T17:44:20+00:00\",\"description\":\"L\u00d5\u00d5M ehtedisain on julge ja eneseteadlik, armastab m\u00e4ngulisust ja ajatut minimalismi. K\u00f5ik on Eesti disain ja k\u00e4sit\u00f6\u00f6. Vaata valikut siit!\",\"breadcrumb\":{\"@id\":\"https:\/\/merlerandmae.com\/en\/toode\/bracelet-rain\/#breadcrumb\"},\"inLanguage\":\"en-US\",\"potentialAction\":[{\"@type\":\"ReadAction\",\"target\":[\"https:\/\/merlerandmae.com\/en\/toode\/bracelet-rain\/\"]}]},{\"@type\":\"ImageObject\",\"inLanguage\":\"en-US\",\"@id\":\"https:\/\/merlerandmae.com\/en\/toode\/bracelet-rain\/#primaryimage\",\"url\":\"https:\/\/www.merlerandmae.com\/wp-content\/uploads\/2022\/10\/VIHM-kaekett-1x-PIKKUS-20v225cm-Hind40E-scaled.jpg\",\"contentUrl\":\"https:\/\/www.merlerandmae.com\/wp-content\/uploads\/2022\/10\/VIHM-kaekett-1x-PIKKUS-20v225cm-Hind40E-scaled.jpg\",\"width\":2560,\"height\":1707},{\"@type\":\"BreadcrumbList\",\"@id\":\"https:\/\/merlerandmae.com\/en\/toode\/bracelet-rain\/#breadcrumb\",\"itemListElement\":[{\"@type\":\"ListItem\",\"position\":1,\"name\":\"Home\",\"item\":\"https:\/\/merlerandmae.com\/en\/\"},{\"@type\":\"ListItem\",\"position\":2,\"name\":\"Shop\",\"item\":\"https:\/\/www.merlerandmae.com\/en\/shop\/\"},{\"@type\":\"ListItem\",\"position\":3,\"name\":\"BRACELET RAIN\"}]},{\"@type\":\"WebSite\",\"@id\":\"https:\/\/merlerandmae.com\/en\/#website\",\"url\":\"https:\/\/merlerandmae.com\/en\/\",\"name\":\"L\u00d5\u00d5M by Merle Randm\u00e4e | Eesti disain\",\"description\":\"K\u00e4sit\u00f6\u00f6ehted, k\u00f5rvar\u00f5ngad, ripatsid\",\"publisher\":{\"@id\":\"https:\/\/merlerandmae.com\/en\/#organization\"},\"potentialAction\":[{\"@type\":\"SearchAction\",\"target\":{\"@type\":\"EntryPoint\",\"urlTemplate\":\"https:\/\/merlerandmae.com\/en\/?s={search_term_string}\"},\"query-input\":{\"@type\":\"PropertyValueSpecification\",\"valueRequired\":true,\"valueName\":\"search_term_string\"}}],\"inLanguage\":\"en-US\"},{\"@type\":\"Organization\",\"@id\":\"https:\/\/merlerandmae.com\/en\/#organization\",\"name\":\"L\u00d5\u00d5M by Merle Randm\u00e4e | Eesti disain\",\"url\":\"https:\/\/merlerandmae.com\/en\/\",\"logo\":{\"@type\":\"ImageObject\",\"inLanguage\":\"en-US\",\"@id\":\"https:\/\/merlerandmae.com\/en\/#\/schema\/logo\/image\/\",\"url\":\"https:\/\/www.merlerandmae.com\/wp-content\/uploads\/2020\/11\/LOOM_logo.svg\",\"contentUrl\":\"https:\/\/www.merlerandmae.com\/wp-content\/uploads\/2020\/11\/LOOM_logo.svg\",\"width\":128,\"height\":100,\"caption\":\"L\u00d5\u00d5M by Merle Randm\u00e4e | Eesti disain\"},\"image\":{\"@id\":\"https:\/\/merlerandmae.com\/en\/#\/schema\/logo\/image\/\"}}]}<\/script>\n<!-- \/ Yoast SEO plugin. -->","yoast_head_json":{"title":"BRACELET RAIN &#8226; L\u00d5\u00d5M by Merle Randm\u00e4e | Eesti disain","description":"L\u00d5\u00d5M ehtedisain on julge ja eneseteadlik, armastab m\u00e4ngulisust ja ajatut minimalismi. K\u00f5ik on Eesti disain ja k\u00e4sit\u00f6\u00f6. Vaata valikut siit!","robots":{"index":"index","follow":"follow","max-snippet":"max-snippet:-1","max-image-preview":"max-image-preview:large","max-video-preview":"max-video-preview:-1"},"canonical":"https:\/\/merlerandmae.com\/en\/toode\/bracelet-rain\/","og_locale":"en_US","og_type":"article","og_title":"BRACELET RAIN &#8226; L\u00d5\u00d5M by Merle Randm\u00e4e | Eesti disain","og_description":"L\u00d5\u00d5M ehtedisain on julge ja eneseteadlik, armastab m\u00e4ngulisust ja ajatut minimalismi. K\u00f5ik on Eesti disain ja k\u00e4sit\u00f6\u00f6. Vaata valikut siit!","og_url":"https:\/\/merlerandmae.com\/en\/toode\/bracelet-rain\/","og_site_name":"L\u00d5\u00d5M by Merle Randm\u00e4e | Eesti disain","article_modified_time":"2022-10-31T17:44:20+00:00","og_image":[{"width":2560,"height":1707,"url":"https:\/\/www.merlerandmae.com\/wp-content\/uploads\/2022\/10\/VIHM-kaekett-1x-PIKKUS-20v225cm-Hind40E-scaled.jpg","type":"image\/jpeg"}],"twitter_card":"summary_large_image","schema":{"@context":"https:\/\/schema.org","@graph":[{"@type":"WebPage","@id":"https:\/\/merlerandmae.com\/en\/toode\/bracelet-rain\/","url":"https:\/\/merlerandmae.com\/en\/toode\/bracelet-rain\/","name":"BRACELET RAIN &#8226; L\u00d5\u00d5M by Merle Randm\u00e4e | Eesti disain","isPartOf":{"@id":"https:\/\/merlerandmae.com\/en\/#website"},"primaryImageOfPage":{"@id":"https:\/\/merlerandmae.com\/en\/toode\/bracelet-rain\/#primaryimage"},"image":{"@id":"https:\/\/merlerandmae.com\/en\/toode\/bracelet-rain\/#primaryimage"},"thumbnailUrl":"https:\/\/www.merlerandmae.com\/wp-content\/uploads\/2022\/10\/VIHM-kaekett-1x-PIKKUS-20v225cm-Hind40E-scaled.jpg","datePublished":"2022-10-31T17:25:25+00:00","dateModified":"2022-10-31T17:44:20+00:00","description":"L\u00d5\u00d5M ehtedisain on julge ja eneseteadlik, armastab m\u00e4ngulisust ja ajatut minimalismi. K\u00f5ik on Eesti disain ja k\u00e4sit\u00f6\u00f6. Vaata valikut siit!","breadcrumb":{"@id":"https:\/\/merlerandmae.com\/en\/toode\/bracelet-rain\/#breadcrumb"},"inLanguage":"en-US","potentialAction":[{"@type":"ReadAction","target":["https:\/\/merlerandmae.com\/en\/toode\/bracelet-rain\/"]}]},{"@type":"ImageObject","inLanguage":"en-US","@id":"https:\/\/merlerandmae.com\/en\/toode\/bracelet-rain\/#primaryimage","url":"https:\/\/www.merlerandmae.com\/wp-content\/uploads\/2022\/10\/VIHM-kaekett-1x-PIKKUS-20v225cm-Hind40E-scaled.jpg","contentUrl":"https:\/\/www.merlerandmae.com\/wp-content\/uploads\/2022\/10\/VIHM-kaekett-1x-PIKKUS-20v225cm-Hind40E-scaled.jpg","width":2560,"height":1707},{"@type":"BreadcrumbList","@id":"https:\/\/merlerandmae.com\/en\/toode\/bracelet-rain\/#breadcrumb","itemListElement":[{"@type":"ListItem","position":1,"name":"Home","item":"https:\/\/merlerandmae.com\/en\/"},{"@type":"ListItem","position":2,"name":"Shop","item":"https:\/\/www.merlerandmae.com\/en\/shop\/"},{"@type":"ListItem","position":3,"name":"BRACELET RAIN"}]},{"@type":"WebSite","@id":"https:\/\/merlerandmae.com\/en\/#website","url":"https:\/\/merlerandmae.com\/en\/","name":"L\u00d5\u00d5M by Merle Randm\u00e4e | Eesti disain","description":"K\u00e4sit\u00f6\u00f6ehted, k\u00f5rvar\u00f5ngad, ripatsid","publisher":{"@id":"https:\/\/merlerandmae.com\/en\/#organization"},"potentialAction":[{"@type":"SearchAction","target":{"@type":"EntryPoint","urlTemplate":"https:\/\/merlerandmae.com\/en\/?s={search_term_string}"},"query-input":{"@type":"PropertyValueSpecification","valueRequired":true,"valueName":"search_term_string"}}],"inLanguage":"en-US"},{"@type":"Organization","@id":"https:\/\/merlerandmae.com\/en\/#organization","name":"L\u00d5\u00d5M by Merle Randm\u00e4e | Eesti disain","url":"https:\/\/merlerandmae.com\/en\/","logo":{"@type":"ImageObject","inLanguage":"en-US","@id":"https:\/\/merlerandmae.com\/en\/#\/schema\/logo\/image\/","url":"https:\/\/www.merlerandmae.com\/wp-content\/uploads\/2020\/11\/LOOM_logo.svg","contentUrl":"https:\/\/www.merlerandmae.com\/wp-content\/uploads\/2020\/11\/LOOM_logo.svg","width":128,"height":100,"caption":"L\u00d5\u00d5M by Merle Randm\u00e4e | Eesti disain"},"image":{"@id":"https:\/\/merlerandmae.com\/en\/#\/schema\/logo\/image\/"}}]}},"_links":{"self":[{"href":"https:\/\/www.merlerandmae.com\/en\/wp-json\/wp\/v2\/product\/667","targetHints":{"allow":["GET"]}}],"collection":[{"href":"https:\/\/www.merlerandmae.com\/en\/wp-json\/wp\/v2\/product"}],"about":[{"href":"https:\/\/www.merlerandmae.com\/en\/wp-json\/wp\/v2\/types\/product"}],"wp:featuredmedia":[{"embeddable":true,"href":"https:\/\/www.merlerandmae.com\/en\/wp-json\/wp\/v2\/media\/669"}],"wp:attachment":[{"href":"https:\/\/www.merlerandmae.com\/en\/wp-json\/wp\/v2\/media?parent=667"}],"wp:term":[{"taxonomy":"product_brand","embeddable":true,"href":"https:\/\/www.merlerandmae.com\/en\/wp-json\/wp\/v2\/product_brand?post=667"},{"taxonomy":"product_cat","embeddable":true,"href":"https:\/\/www.merlerandmae.com\/en\/wp-json\/wp\/v2\/product_cat?post=667"},{"taxonomy":"product_tag","embeddable":true,"href":"https:\/\/www.merlerandmae.com\/en\/wp-json\/wp\/v2\/product_tag?post=667"}],"curies":[{"name":"wp","href":"https:\/\/api.w.org\/{rel}","templated":true}]}}