{"id":516,"date":"2021-03-12T18:56:24","date_gmt":"2021-03-12T16:56:24","guid":{"rendered":"https:\/\/merlerandmae.com\/toode\/giftcardgiftcard\/"},"modified":"2022-10-29T19:48:07","modified_gmt":"2022-10-29T16:48:07","slug":"giftcard","status":"publish","type":"product","link":"https:\/\/www.merlerandmae.com\/en\/toode\/giftcard\/","title":{"rendered":"GIFT CARD"},"content":{"rendered":"<h3 style=\"text-align: center;\">GIFT CARD<\/h3>\n<hr \/>\n<h4 style=\"text-align: center;\">Gift card is the best option<br \/>\nif you want to make perfect gift but dont know the persons preferances<\/h4>\n<h4 style=\"text-align: center;\">You can choose between three differently priced gift cards to combine the exact amount you desire.<br \/>\nGiftcard is valid for 6 months anc can only be used in merlerandmae.com webshop,<br \/>\nThere is no possibility to return the card or change it to money<br \/>\nand discounts dont apply.<\/h4>\n<h4 style=\"text-align: center;\">With gift card you give your special person the choise to find the most suitable style for them.<\/h4>\n<h4 style=\"text-align: center;\"><\/h4>\n<h4 style=\"text-align: center;\">If you didnt find a good solution please contact us!<\/h4>\n<p style=\"text-align: center;\">\n","protected":false},"excerpt":{"rendered":"<p>GIFT CARD Gift card is the best option if you want to make perfect gift but dont know the persons preferances You can choose between three differently priced gift cards to combine the exact amount you desire. Giftcard is valid for 6 months anc can only be used in merlerandmae.com webshop, There is no possibility [&hellip;]<\/p>\n","protected":false},"featured_media":455,"template":"","meta":{"_acf_changed":false},"product_brand":[],"product_cat":[15],"product_tag":[],"class_list":{"0":"post-516","1":"product","2":"type-product","3":"status-publish","4":"has-post-thumbnail","6":"product_cat-uncategorized","8":"first","9":"instock","10":"taxable","11":"shipping-taxable","12":"purchasable","13":"product-type-variable"},"acf":[],"yoast_head":"<!-- This site is optimized with the Yoast SEO plugin v26.8 - https:\/\/yoast.com\/product\/yoast-seo-wordpress\/ -->\n<title>GIFT CARD &#8226; L\u00d5\u00d5M by Merle Randm\u00e4e | Eesti disain<\/title>\n<meta name=\"description\" content=\"L\u00d5\u00d5M ehtedisain on julge ja eneseteadlik, armastab m\u00e4ngulisust ja ajatut minimalismi. K\u00f5ik on Eesti disain ja k\u00e4sit\u00f6\u00f6. Vaata valikut siit!\" \/>\n<meta name=\"robots\" content=\"index, follow, max-snippet:-1, max-image-preview:large, max-video-preview:-1\" \/>\n<link rel=\"canonical\" href=\"https:\/\/merlerandmae.com\/en\/toode\/giftcard\/\" \/>\n<meta property=\"og:locale\" content=\"en_US\" \/>\n<meta property=\"og:type\" content=\"article\" \/>\n<meta property=\"og:title\" content=\"GIFT CARD &#8226; L\u00d5\u00d5M by Merle Randm\u00e4e | Eesti disain\" \/>\n<meta property=\"og:description\" content=\"L\u00d5\u00d5M ehtedisain on julge ja eneseteadlik, armastab m\u00e4ngulisust ja ajatut minimalismi. K\u00f5ik on Eesti disain ja k\u00e4sit\u00f6\u00f6. Vaata valikut siit!\" \/>\n<meta property=\"og:url\" content=\"https:\/\/merlerandmae.com\/en\/toode\/giftcard\/\" \/>\n<meta property=\"og:site_name\" content=\"L\u00d5\u00d5M by Merle Randm\u00e4e | Eesti disain\" \/>\n<meta property=\"article:modified_time\" content=\"2022-10-29T16:48:07+00:00\" \/>\n<meta property=\"og:image\" content=\"https:\/\/merlerandmae.com\/wp-content\/uploads\/2021\/03\/KINKEKAART25.jpg\" \/>\n\t<meta property=\"og:image:width\" content=\"559\" \/>\n\t<meta property=\"og:image:height\" content=\"397\" \/>\n\t<meta property=\"og:image:type\" content=\"image\/jpeg\" \/>\n<meta name=\"twitter:card\" content=\"summary_large_image\" \/>\n<script type=\"application\/ld+json\" class=\"yoast-schema-graph\">{\"@context\":\"https:\/\/schema.org\",\"@graph\":[{\"@type\":\"WebPage\",\"@id\":\"https:\/\/merlerandmae.com\/en\/toode\/giftcard\/\",\"url\":\"https:\/\/merlerandmae.com\/en\/toode\/giftcard\/\",\"name\":\"GIFT CARD &#8226; L\u00d5\u00d5M by Merle Randm\u00e4e | Eesti disain\",\"isPartOf\":{\"@id\":\"https:\/\/merlerandmae.com\/en\/#website\"},\"primaryImageOfPage\":{\"@id\":\"https:\/\/merlerandmae.com\/en\/toode\/giftcard\/#primaryimage\"},\"image\":{\"@id\":\"https:\/\/merlerandmae.com\/en\/toode\/giftcard\/#primaryimage\"},\"thumbnailUrl\":\"https:\/\/www.merlerandmae.com\/wp-content\/uploads\/2021\/03\/KINKEKAART25.jpg\",\"datePublished\":\"2021-03-12T16:56:24+00:00\",\"dateModified\":\"2022-10-29T16:48:07+00:00\",\"description\":\"L\u00d5\u00d5M ehtedisain on julge ja eneseteadlik, armastab m\u00e4ngulisust ja ajatut minimalismi. K\u00f5ik on Eesti disain ja k\u00e4sit\u00f6\u00f6. Vaata valikut siit!\",\"breadcrumb\":{\"@id\":\"https:\/\/merlerandmae.com\/en\/toode\/giftcard\/#breadcrumb\"},\"inLanguage\":\"en-US\",\"potentialAction\":[{\"@type\":\"ReadAction\",\"target\":[\"https:\/\/merlerandmae.com\/en\/toode\/giftcard\/\"]}]},{\"@type\":\"ImageObject\",\"inLanguage\":\"en-US\",\"@id\":\"https:\/\/merlerandmae.com\/en\/toode\/giftcard\/#primaryimage\",\"url\":\"https:\/\/www.merlerandmae.com\/wp-content\/uploads\/2021\/03\/KINKEKAART25.jpg\",\"contentUrl\":\"https:\/\/www.merlerandmae.com\/wp-content\/uploads\/2021\/03\/KINKEKAART25.jpg\",\"width\":559,\"height\":397},{\"@type\":\"BreadcrumbList\",\"@id\":\"https:\/\/merlerandmae.com\/en\/toode\/giftcard\/#breadcrumb\",\"itemListElement\":[{\"@type\":\"ListItem\",\"position\":1,\"name\":\"Home\",\"item\":\"https:\/\/merlerandmae.com\/en\/\"},{\"@type\":\"ListItem\",\"position\":2,\"name\":\"Shop\",\"item\":\"https:\/\/www.merlerandmae.com\/en\/shop\/\"},{\"@type\":\"ListItem\",\"position\":3,\"name\":\"GIFT CARD\"}]},{\"@type\":\"WebSite\",\"@id\":\"https:\/\/merlerandmae.com\/en\/#website\",\"url\":\"https:\/\/merlerandmae.com\/en\/\",\"name\":\"L\u00d5\u00d5M by Merle Randm\u00e4e | Eesti disain\",\"description\":\"K\u00e4sit\u00f6\u00f6ehted, k\u00f5rvar\u00f5ngad, ripatsid\",\"publisher\":{\"@id\":\"https:\/\/merlerandmae.com\/en\/#organization\"},\"potentialAction\":[{\"@type\":\"SearchAction\",\"target\":{\"@type\":\"EntryPoint\",\"urlTemplate\":\"https:\/\/merlerandmae.com\/en\/?s={search_term_string}\"},\"query-input\":{\"@type\":\"PropertyValueSpecification\",\"valueRequired\":true,\"valueName\":\"search_term_string\"}}],\"inLanguage\":\"en-US\"},{\"@type\":\"Organization\",\"@id\":\"https:\/\/merlerandmae.com\/en\/#organization\",\"name\":\"L\u00d5\u00d5M by Merle Randm\u00e4e | Eesti disain\",\"url\":\"https:\/\/merlerandmae.com\/en\/\",\"logo\":{\"@type\":\"ImageObject\",\"inLanguage\":\"en-US\",\"@id\":\"https:\/\/merlerandmae.com\/en\/#\/schema\/logo\/image\/\",\"url\":\"https:\/\/www.merlerandmae.com\/wp-content\/uploads\/2020\/11\/LOOM_logo.svg\",\"contentUrl\":\"https:\/\/www.merlerandmae.com\/wp-content\/uploads\/2020\/11\/LOOM_logo.svg\",\"width\":128,\"height\":100,\"caption\":\"L\u00d5\u00d5M by Merle Randm\u00e4e | Eesti disain\"},\"image\":{\"@id\":\"https:\/\/merlerandmae.com\/en\/#\/schema\/logo\/image\/\"}}]}<\/script>\n<!-- \/ Yoast SEO plugin. -->","yoast_head_json":{"title":"GIFT CARD &#8226; L\u00d5\u00d5M by Merle Randm\u00e4e | Eesti disain","description":"L\u00d5\u00d5M ehtedisain on julge ja eneseteadlik, armastab m\u00e4ngulisust ja ajatut minimalismi. K\u00f5ik on Eesti disain ja k\u00e4sit\u00f6\u00f6. Vaata valikut siit!","robots":{"index":"index","follow":"follow","max-snippet":"max-snippet:-1","max-image-preview":"max-image-preview:large","max-video-preview":"max-video-preview:-1"},"canonical":"https:\/\/merlerandmae.com\/en\/toode\/giftcard\/","og_locale":"en_US","og_type":"article","og_title":"GIFT CARD &#8226; L\u00d5\u00d5M by Merle Randm\u00e4e | Eesti disain","og_description":"L\u00d5\u00d5M ehtedisain on julge ja eneseteadlik, armastab m\u00e4ngulisust ja ajatut minimalismi. K\u00f5ik on Eesti disain ja k\u00e4sit\u00f6\u00f6. Vaata valikut siit!","og_url":"https:\/\/merlerandmae.com\/en\/toode\/giftcard\/","og_site_name":"L\u00d5\u00d5M by Merle Randm\u00e4e | Eesti disain","article_modified_time":"2022-10-29T16:48:07+00:00","og_image":[{"width":559,"height":397,"url":"https:\/\/merlerandmae.com\/wp-content\/uploads\/2021\/03\/KINKEKAART25.jpg","type":"image\/jpeg"}],"twitter_card":"summary_large_image","schema":{"@context":"https:\/\/schema.org","@graph":[{"@type":"WebPage","@id":"https:\/\/merlerandmae.com\/en\/toode\/giftcard\/","url":"https:\/\/merlerandmae.com\/en\/toode\/giftcard\/","name":"GIFT CARD &#8226; L\u00d5\u00d5M by Merle Randm\u00e4e | Eesti disain","isPartOf":{"@id":"https:\/\/merlerandmae.com\/en\/#website"},"primaryImageOfPage":{"@id":"https:\/\/merlerandmae.com\/en\/toode\/giftcard\/#primaryimage"},"image":{"@id":"https:\/\/merlerandmae.com\/en\/toode\/giftcard\/#primaryimage"},"thumbnailUrl":"https:\/\/www.merlerandmae.com\/wp-content\/uploads\/2021\/03\/KINKEKAART25.jpg","datePublished":"2021-03-12T16:56:24+00:00","dateModified":"2022-10-29T16:48:07+00:00","description":"L\u00d5\u00d5M ehtedisain on julge ja eneseteadlik, armastab m\u00e4ngulisust ja ajatut minimalismi. K\u00f5ik on Eesti disain ja k\u00e4sit\u00f6\u00f6. Vaata valikut siit!","breadcrumb":{"@id":"https:\/\/merlerandmae.com\/en\/toode\/giftcard\/#breadcrumb"},"inLanguage":"en-US","potentialAction":[{"@type":"ReadAction","target":["https:\/\/merlerandmae.com\/en\/toode\/giftcard\/"]}]},{"@type":"ImageObject","inLanguage":"en-US","@id":"https:\/\/merlerandmae.com\/en\/toode\/giftcard\/#primaryimage","url":"https:\/\/www.merlerandmae.com\/wp-content\/uploads\/2021\/03\/KINKEKAART25.jpg","contentUrl":"https:\/\/www.merlerandmae.com\/wp-content\/uploads\/2021\/03\/KINKEKAART25.jpg","width":559,"height":397},{"@type":"BreadcrumbList","@id":"https:\/\/merlerandmae.com\/en\/toode\/giftcard\/#breadcrumb","itemListElement":[{"@type":"ListItem","position":1,"name":"Home","item":"https:\/\/merlerandmae.com\/en\/"},{"@type":"ListItem","position":2,"name":"Shop","item":"https:\/\/www.merlerandmae.com\/en\/shop\/"},{"@type":"ListItem","position":3,"name":"GIFT CARD"}]},{"@type":"WebSite","@id":"https:\/\/merlerandmae.com\/en\/#website","url":"https:\/\/merlerandmae.com\/en\/","name":"L\u00d5\u00d5M by Merle Randm\u00e4e | Eesti disain","description":"K\u00e4sit\u00f6\u00f6ehted, k\u00f5rvar\u00f5ngad, ripatsid","publisher":{"@id":"https:\/\/merlerandmae.com\/en\/#organization"},"potentialAction":[{"@type":"SearchAction","target":{"@type":"EntryPoint","urlTemplate":"https:\/\/merlerandmae.com\/en\/?s={search_term_string}"},"query-input":{"@type":"PropertyValueSpecification","valueRequired":true,"valueName":"search_term_string"}}],"inLanguage":"en-US"},{"@type":"Organization","@id":"https:\/\/merlerandmae.com\/en\/#organization","name":"L\u00d5\u00d5M by Merle Randm\u00e4e | Eesti disain","url":"https:\/\/merlerandmae.com\/en\/","logo":{"@type":"ImageObject","inLanguage":"en-US","@id":"https:\/\/merlerandmae.com\/en\/#\/schema\/logo\/image\/","url":"https:\/\/www.merlerandmae.com\/wp-content\/uploads\/2020\/11\/LOOM_logo.svg","contentUrl":"https:\/\/www.merlerandmae.com\/wp-content\/uploads\/2020\/11\/LOOM_logo.svg","width":128,"height":100,"caption":"L\u00d5\u00d5M by Merle Randm\u00e4e | Eesti disain"},"image":{"@id":"https:\/\/merlerandmae.com\/en\/#\/schema\/logo\/image\/"}}]}},"_links":{"self":[{"href":"https:\/\/www.merlerandmae.com\/en\/wp-json\/wp\/v2\/product\/516","targetHints":{"allow":["GET"]}}],"collection":[{"href":"https:\/\/www.merlerandmae.com\/en\/wp-json\/wp\/v2\/product"}],"about":[{"href":"https:\/\/www.merlerandmae.com\/en\/wp-json\/wp\/v2\/types\/product"}],"wp:featuredmedia":[{"embeddable":true,"href":"https:\/\/www.merlerandmae.com\/en\/wp-json\/wp\/v2\/media\/455"}],"wp:attachment":[{"href":"https:\/\/www.merlerandmae.com\/en\/wp-json\/wp\/v2\/media?parent=516"}],"wp:term":[{"taxonomy":"product_brand","embeddable":true,"href":"https:\/\/www.merlerandmae.com\/en\/wp-json\/wp\/v2\/product_brand?post=516"},{"taxonomy":"product_cat","embeddable":true,"href":"https:\/\/www.merlerandmae.com\/en\/wp-json\/wp\/v2\/product_cat?post=516"},{"taxonomy":"product_tag","embeddable":true,"href":"https:\/\/www.merlerandmae.com\/en\/wp-json\/wp\/v2\/product_tag?post=516"}],"curies":[{"name":"wp","href":"https:\/\/api.w.org\/{rel}","templated":true}]}}