{"id":550,"date":"2022-10-29T19:06:06","date_gmt":"2022-10-29T16:06:06","guid":{"rendered":"https:\/\/merlerandmae.com\/?page_id=550"},"modified":"2022-10-29T19:06:06","modified_gmt":"2022-10-29T16:06:06","slug":"loom","status":"publish","type":"page","link":"https:\/\/www.merlerandmae.com\/en\/loom\/","title":{"rendered":"L\u00f5\u00f5m"},"content":{"rendered":"<div id=\"pl-25\"  class=\"panel-layout\" >\n<div id=\"pg-25-0\"  class=\"panel-grid panel-no-style\"  data-style=\"{&quot;background_image_attachment&quot;:false,&quot;background_display&quot;:&quot;tile&quot;,&quot;cvw_duration&quot;:&quot;300&quot;,&quot;cvw_easing&quot;:&quot;linear&quot;,&quot;cvw_anchor&quot;:&quot;top-bottom&quot;,&quot;cvw_repeat&quot;:&quot;true&quot;,&quot;cell_alignment&quot;:&quot;flex-start&quot;}\"  data-ratio=\"1\"  data-ratio-direction=\"right\" >\n<div id=\"pgc-25-0-0\"  class=\"panel-grid-cell\"  data-weight=\"1\" >\n<div id=\"panel-25-0-0-0\" class=\"so-panel widget widget_sow-editor panel-first-child panel-last-child\" data-index=\"0\" data-style=\"{&quot;background_image_attachment&quot;:false,&quot;background_display&quot;:&quot;tile&quot;,&quot;cvw_duration&quot;:&quot;300&quot;,&quot;cvw_easing&quot;:&quot;linear&quot;,&quot;cvw_anchor&quot;:&quot;top-bottom&quot;,&quot;cvw_repeat&quot;:&quot;true&quot;}\" >\n<div class=\"so-widget-sow-editor so-widget-sow-editor-base\">\n<div class=\"siteorigin-widget-tinymce textwidget\">\n<p style=\"text-align: center;\"><strong>The jewellery brand L\u00d5\u00d5M creates jewelery that has emotion and energy, jewelery through which to emphasize personality and reflect feelings and affection<\/strong><br \/>\n<strong>L\u00d5\u00d5M favors clear and minimalist forms and highly values \u200b\u200bnatural and high quality materials, such as silver, glass, wood, and various semi-precious stones.<\/strong><br \/>\n<strong>Here the traditional handicraft and a modern way of thinking about the functionality of jewellery meet &#8211; a versatile piece of jewelery\u00a0that suits different moods.<\/strong><br \/>\n<strong>L\u00d5\u00d5M is life within you \u2013 joy, rage and mindful being \u2013 \u00c8LAN VITAL.<\/strong><\/p>\n<p style=\"text-align: center;\"><strong>The brand consistently strives for a cleaner natural environment, which is why the brand\u2019s packaging and gift bags are FSC certified.<\/strong><\/p>\n<p><img loading=\"lazy\" decoding=\"async\" class=\"aligncenter wp-image-394 size-full\" src=\"https:\/\/merlerandmae.com\/wp-content\/uploads\/2021\/03\/ehted-86-scaled.jpg\" alt=\"\" width=\"2560\" height=\"1440\" srcset=\"https:\/\/www.merlerandmae.com\/wp-content\/uploads\/2021\/03\/ehted-86-scaled.jpg 2560w, https:\/\/www.merlerandmae.com\/wp-content\/uploads\/2021\/03\/ehted-86-300x169.jpg 300w, https:\/\/www.merlerandmae.com\/wp-content\/uploads\/2021\/03\/ehted-86-1024x576.jpg 1024w, https:\/\/www.merlerandmae.com\/wp-content\/uploads\/2021\/03\/ehted-86-768x432.jpg 768w, https:\/\/www.merlerandmae.com\/wp-content\/uploads\/2021\/03\/ehted-86-1536x864.jpg 1536w, https:\/\/www.merlerandmae.com\/wp-content\/uploads\/2021\/03\/ehted-86-2048x1152.jpg 2048w, https:\/\/www.merlerandmae.com\/wp-content\/uploads\/2021\/03\/ehted-86-600x338.jpg 600w\" sizes=\"auto, (max-width: 2560px) 100vw, 2560px\" \/><\/p>\n<p>&nbsp;<\/p>\n<p style=\"text-align: center;\"><strong>GREEN MINDSET<\/strong><\/p>\n<p style=\"text-align: center;\"><strong>The certificate ensures that all wood-based materials are sourced following the principles of responsible forest management.<\/strong><\/p>\n<p style=\"text-align: center;\"><img loading=\"lazy\" decoding=\"async\" class=\"aligncenter size-full wp-image-318\" src=\"https:\/\/merlerandmae.com\/wp-content\/uploads\/2021\/01\/Roheline-scaled.jpg\" alt=\"\" width=\"2560\" height=\"1920\" srcset=\"https:\/\/www.merlerandmae.com\/wp-content\/uploads\/2021\/01\/Roheline-scaled.jpg 2560w, https:\/\/www.merlerandmae.com\/wp-content\/uploads\/2021\/01\/Roheline-300x225.jpg 300w, https:\/\/www.merlerandmae.com\/wp-content\/uploads\/2021\/01\/Roheline-1024x768.jpg 1024w, https:\/\/www.merlerandmae.com\/wp-content\/uploads\/2021\/01\/Roheline-768x576.jpg 768w, https:\/\/www.merlerandmae.com\/wp-content\/uploads\/2021\/01\/Roheline-1536x1152.jpg 1536w, https:\/\/www.merlerandmae.com\/wp-content\/uploads\/2021\/01\/Roheline-2048x1536.jpg 2048w, https:\/\/www.merlerandmae.com\/wp-content\/uploads\/2021\/01\/Roheline-600x450.jpg 600w\" sizes=\"auto, (max-width: 2560px) 100vw, 2560px\" \/><\/p>\n<p style=\"text-align: left;\">Gift boxes with the brand&#8217;s logo that come with the jewelry are made of strong cardboard and are suitable for daily storage of jewelry for many years.<\/p>\n<p>&nbsp;<\/p>\n<p style=\"text-align: center;\"><strong>All jewelry is made by hand in the studio of the brand L\u00d5\u00d5M.<\/strong><br \/>\n<strong>L\u00d5\u00d5M is registered trademark.<\/strong><\/p>\n<\/div>\n<\/div>\n<\/div>\n<\/div>\n<\/div>\n<\/div>\n","protected":false},"excerpt":{"rendered":"<p>The jewellery brand L\u00d5\u00d5M creates jewelery that has emotion and energy, jewelery through which to emphasize personality and reflect feelings and affection L\u00d5\u00d5M favors clear and minimalist forms and highly values \u200b\u200bnatural and high quality materials, such as silver, glass, wood, and various semi-precious stones. Here the traditional handicraft and a modern way of thinking [&hellip;]<\/p>\n","protected":false},"author":1,"featured_media":0,"parent":0,"menu_order":0,"comment_status":"closed","ping_status":"closed","template":"","meta":{"_acf_changed":false,"footnotes":""},"class_list":["post-550","page","type-page","status-publish","hentry"],"acf":[],"yoast_head":"<!-- This site is optimized with the Yoast SEO plugin v26.8 - https:\/\/yoast.com\/product\/yoast-seo-wordpress\/ -->\n<title>L\u00f5\u00f5m &#8226; L\u00d5\u00d5M by Merle Randm\u00e4e | Eesti disain<\/title>\n<meta name=\"description\" content=\"L\u00d5\u00d5M ehtedisain on julge ja eneseteadlik, armastab m\u00e4ngulisust ja ajatut minimalismi. K\u00f5ik on Eesti disain ja k\u00e4sit\u00f6\u00f6. Vaata valikut siit!\" \/>\n<meta name=\"robots\" content=\"index, follow, max-snippet:-1, max-image-preview:large, max-video-preview:-1\" \/>\n<link rel=\"canonical\" href=\"https:\/\/www.merlerandmae.com\/en\/loom\/\" \/>\n<meta property=\"og:locale\" content=\"en_US\" \/>\n<meta property=\"og:type\" content=\"article\" \/>\n<meta property=\"og:title\" content=\"L\u00f5\u00f5m &#8226; L\u00d5\u00d5M by Merle Randm\u00e4e | Eesti disain\" \/>\n<meta property=\"og:description\" content=\"L\u00d5\u00d5M ehtedisain on julge ja eneseteadlik, armastab m\u00e4ngulisust ja ajatut minimalismi. K\u00f5ik on Eesti disain ja k\u00e4sit\u00f6\u00f6. Vaata valikut siit!\" \/>\n<meta property=\"og:url\" content=\"https:\/\/www.merlerandmae.com\/en\/loom\/\" \/>\n<meta property=\"og:site_name\" content=\"L\u00d5\u00d5M by Merle Randm\u00e4e | Eesti disain\" \/>\n<meta property=\"og:image\" content=\"https:\/\/merlerandmae.com\/wp-content\/uploads\/2021\/03\/ehted-86-scaled.jpg\" \/>\n<meta name=\"twitter:card\" content=\"summary_large_image\" \/>\n<meta name=\"twitter:label1\" content=\"Est. reading time\" \/>\n\t<meta name=\"twitter:data1\" content=\"1 minute\" \/>\n<script type=\"application\/ld+json\" class=\"yoast-schema-graph\">{\"@context\":\"https:\/\/schema.org\",\"@graph\":[{\"@type\":\"WebPage\",\"@id\":\"https:\/\/www.merlerandmae.com\/en\/loom\/\",\"url\":\"https:\/\/www.merlerandmae.com\/en\/loom\/\",\"name\":\"L\u00f5\u00f5m &#8226; L\u00d5\u00d5M by Merle Randm\u00e4e | Eesti disain\",\"isPartOf\":{\"@id\":\"https:\/\/merlerandmae.com\/#website\"},\"primaryImageOfPage\":{\"@id\":\"https:\/\/www.merlerandmae.com\/en\/loom\/#primaryimage\"},\"image\":{\"@id\":\"https:\/\/www.merlerandmae.com\/en\/loom\/#primaryimage\"},\"thumbnailUrl\":\"https:\/\/merlerandmae.com\/wp-content\/uploads\/2021\/03\/ehted-86-scaled.jpg\",\"datePublished\":\"2022-10-29T16:06:06+00:00\",\"description\":\"L\u00d5\u00d5M ehtedisain on julge ja eneseteadlik, armastab m\u00e4ngulisust ja ajatut minimalismi. K\u00f5ik on Eesti disain ja k\u00e4sit\u00f6\u00f6. Vaata valikut siit!\",\"breadcrumb\":{\"@id\":\"https:\/\/www.merlerandmae.com\/en\/loom\/#breadcrumb\"},\"inLanguage\":\"en-US\",\"potentialAction\":[{\"@type\":\"ReadAction\",\"target\":[\"https:\/\/www.merlerandmae.com\/en\/loom\/\"]}]},{\"@type\":\"ImageObject\",\"inLanguage\":\"en-US\",\"@id\":\"https:\/\/www.merlerandmae.com\/en\/loom\/#primaryimage\",\"url\":\"https:\/\/merlerandmae.com\/wp-content\/uploads\/2021\/03\/ehted-86-scaled.jpg\",\"contentUrl\":\"https:\/\/merlerandmae.com\/wp-content\/uploads\/2021\/03\/ehted-86-scaled.jpg\"},{\"@type\":\"BreadcrumbList\",\"@id\":\"https:\/\/www.merlerandmae.com\/en\/loom\/#breadcrumb\",\"itemListElement\":[{\"@type\":\"ListItem\",\"position\":1,\"name\":\"Home\",\"item\":\"https:\/\/www.merlerandmae.com\/en\/\"},{\"@type\":\"ListItem\",\"position\":2,\"name\":\"L\u00f5\u00f5m\"}]},{\"@type\":\"WebSite\",\"@id\":\"https:\/\/merlerandmae.com\/#website\",\"url\":\"https:\/\/merlerandmae.com\/\",\"name\":\"L\u00d5\u00d5M by Merle Randm\u00e4e | Eesti disain\",\"description\":\"K\u00e4sit\u00f6\u00f6ehted, k\u00f5rvar\u00f5ngad, ripatsid\",\"publisher\":{\"@id\":\"https:\/\/merlerandmae.com\/#organization\"},\"potentialAction\":[{\"@type\":\"SearchAction\",\"target\":{\"@type\":\"EntryPoint\",\"urlTemplate\":\"https:\/\/merlerandmae.com\/?s={search_term_string}\"},\"query-input\":{\"@type\":\"PropertyValueSpecification\",\"valueRequired\":true,\"valueName\":\"search_term_string\"}}],\"inLanguage\":\"en-US\"},{\"@type\":\"Organization\",\"@id\":\"https:\/\/merlerandmae.com\/#organization\",\"name\":\"L\u00d5\u00d5M by Merle Randm\u00e4e | Eesti disain\",\"url\":\"https:\/\/merlerandmae.com\/\",\"logo\":{\"@type\":\"ImageObject\",\"inLanguage\":\"en-US\",\"@id\":\"https:\/\/merlerandmae.com\/#\/schema\/logo\/image\/\",\"url\":\"https:\/\/www.merlerandmae.com\/wp-content\/uploads\/2020\/11\/LOOM_logo.svg\",\"contentUrl\":\"https:\/\/www.merlerandmae.com\/wp-content\/uploads\/2020\/11\/LOOM_logo.svg\",\"width\":128,\"height\":100,\"caption\":\"L\u00d5\u00d5M by Merle Randm\u00e4e | Eesti disain\"},\"image\":{\"@id\":\"https:\/\/merlerandmae.com\/#\/schema\/logo\/image\/\"}}]}<\/script>\n<!-- \/ Yoast SEO plugin. -->","yoast_head_json":{"title":"L\u00f5\u00f5m &#8226; L\u00d5\u00d5M by Merle Randm\u00e4e | Eesti disain","description":"L\u00d5\u00d5M ehtedisain on julge ja eneseteadlik, armastab m\u00e4ngulisust ja ajatut minimalismi. K\u00f5ik on Eesti disain ja k\u00e4sit\u00f6\u00f6. Vaata valikut siit!","robots":{"index":"index","follow":"follow","max-snippet":"max-snippet:-1","max-image-preview":"max-image-preview:large","max-video-preview":"max-video-preview:-1"},"canonical":"https:\/\/www.merlerandmae.com\/en\/loom\/","og_locale":"en_US","og_type":"article","og_title":"L\u00f5\u00f5m &#8226; L\u00d5\u00d5M by Merle Randm\u00e4e | Eesti disain","og_description":"L\u00d5\u00d5M ehtedisain on julge ja eneseteadlik, armastab m\u00e4ngulisust ja ajatut minimalismi. K\u00f5ik on Eesti disain ja k\u00e4sit\u00f6\u00f6. Vaata valikut siit!","og_url":"https:\/\/www.merlerandmae.com\/en\/loom\/","og_site_name":"L\u00d5\u00d5M by Merle Randm\u00e4e | Eesti disain","og_image":[{"url":"https:\/\/merlerandmae.com\/wp-content\/uploads\/2021\/03\/ehted-86-scaled.jpg","type":"","width":"","height":""}],"twitter_card":"summary_large_image","twitter_misc":{"Est. reading time":"1 minute"},"schema":{"@context":"https:\/\/schema.org","@graph":[{"@type":"WebPage","@id":"https:\/\/www.merlerandmae.com\/en\/loom\/","url":"https:\/\/www.merlerandmae.com\/en\/loom\/","name":"L\u00f5\u00f5m &#8226; L\u00d5\u00d5M by Merle Randm\u00e4e | Eesti disain","isPartOf":{"@id":"https:\/\/merlerandmae.com\/#website"},"primaryImageOfPage":{"@id":"https:\/\/www.merlerandmae.com\/en\/loom\/#primaryimage"},"image":{"@id":"https:\/\/www.merlerandmae.com\/en\/loom\/#primaryimage"},"thumbnailUrl":"https:\/\/merlerandmae.com\/wp-content\/uploads\/2021\/03\/ehted-86-scaled.jpg","datePublished":"2022-10-29T16:06:06+00:00","description":"L\u00d5\u00d5M ehtedisain on julge ja eneseteadlik, armastab m\u00e4ngulisust ja ajatut minimalismi. K\u00f5ik on Eesti disain ja k\u00e4sit\u00f6\u00f6. Vaata valikut siit!","breadcrumb":{"@id":"https:\/\/www.merlerandmae.com\/en\/loom\/#breadcrumb"},"inLanguage":"en-US","potentialAction":[{"@type":"ReadAction","target":["https:\/\/www.merlerandmae.com\/en\/loom\/"]}]},{"@type":"ImageObject","inLanguage":"en-US","@id":"https:\/\/www.merlerandmae.com\/en\/loom\/#primaryimage","url":"https:\/\/merlerandmae.com\/wp-content\/uploads\/2021\/03\/ehted-86-scaled.jpg","contentUrl":"https:\/\/merlerandmae.com\/wp-content\/uploads\/2021\/03\/ehted-86-scaled.jpg"},{"@type":"BreadcrumbList","@id":"https:\/\/www.merlerandmae.com\/en\/loom\/#breadcrumb","itemListElement":[{"@type":"ListItem","position":1,"name":"Home","item":"https:\/\/www.merlerandmae.com\/en\/"},{"@type":"ListItem","position":2,"name":"L\u00f5\u00f5m"}]},{"@type":"WebSite","@id":"https:\/\/merlerandmae.com\/#website","url":"https:\/\/merlerandmae.com\/","name":"L\u00d5\u00d5M by Merle Randm\u00e4e | Eesti disain","description":"K\u00e4sit\u00f6\u00f6ehted, k\u00f5rvar\u00f5ngad, ripatsid","publisher":{"@id":"https:\/\/merlerandmae.com\/#organization"},"potentialAction":[{"@type":"SearchAction","target":{"@type":"EntryPoint","urlTemplate":"https:\/\/merlerandmae.com\/?s={search_term_string}"},"query-input":{"@type":"PropertyValueSpecification","valueRequired":true,"valueName":"search_term_string"}}],"inLanguage":"en-US"},{"@type":"Organization","@id":"https:\/\/merlerandmae.com\/#organization","name":"L\u00d5\u00d5M by Merle Randm\u00e4e | Eesti disain","url":"https:\/\/merlerandmae.com\/","logo":{"@type":"ImageObject","inLanguage":"en-US","@id":"https:\/\/merlerandmae.com\/#\/schema\/logo\/image\/","url":"https:\/\/www.merlerandmae.com\/wp-content\/uploads\/2020\/11\/LOOM_logo.svg","contentUrl":"https:\/\/www.merlerandmae.com\/wp-content\/uploads\/2020\/11\/LOOM_logo.svg","width":128,"height":100,"caption":"L\u00d5\u00d5M by Merle Randm\u00e4e | Eesti disain"},"image":{"@id":"https:\/\/merlerandmae.com\/#\/schema\/logo\/image\/"}}]}},"_links":{"self":[{"href":"https:\/\/www.merlerandmae.com\/en\/wp-json\/wp\/v2\/pages\/550","targetHints":{"allow":["GET"]}}],"collection":[{"href":"https:\/\/www.merlerandmae.com\/en\/wp-json\/wp\/v2\/pages"}],"about":[{"href":"https:\/\/www.merlerandmae.com\/en\/wp-json\/wp\/v2\/types\/page"}],"author":[{"embeddable":true,"href":"https:\/\/www.merlerandmae.com\/en\/wp-json\/wp\/v2\/users\/1"}],"replies":[{"embeddable":true,"href":"https:\/\/www.merlerandmae.com\/en\/wp-json\/wp\/v2\/comments?post=550"}],"version-history":[{"count":1,"href":"https:\/\/www.merlerandmae.com\/en\/wp-json\/wp\/v2\/pages\/550\/revisions"}],"predecessor-version":[{"id":551,"href":"https:\/\/www.merlerandmae.com\/en\/wp-json\/wp\/v2\/pages\/550\/revisions\/551"}],"wp:attachment":[{"href":"https:\/\/www.merlerandmae.com\/en\/wp-json\/wp\/v2\/media?parent=550"}],"curies":[{"name":"wp","href":"https:\/\/api.w.org\/{rel}","templated":true}]}}