{"id":481,"date":"2022-10-25T19:08:54","date_gmt":"2022-10-25T16:08:54","guid":{"rendered":"https:\/\/merlerandmae.com\/?page_id=481"},"modified":"2022-11-04T02:41:36","modified_gmt":"2022-11-04T00:41:36","slug":"home","status":"publish","type":"page","link":"https:\/\/www.merlerandmae.com\/en\/","title":{"rendered":"Home"},"content":{"rendered":"<div id=\"pl-481\"  class=\"panel-layout\" ><div id=\"pg-481-0\"  class=\"panel-grid panel-no-style\" ><div id=\"pgc-481-0-0\"  class=\"panel-grid-cell\" ><div id=\"panel-481-0-0-0\" class=\"so-panel widget widget_sow-slider panel-first-child panel-last-child\" data-index=\"0\" ><div\n\t\t\t\n\t\t\tclass=\"so-widget-sow-slider so-widget-sow-slider-default-6d39609536fd-481\"\n\t\t\t\n\t\t>\t\t\t\t<div class=\"sow-slider-base\" style=\"display: none\" tabindex=\"0\">\n\t\t\t\t\t<ul\n\t\t\t\t\tclass=\"sow-slider-images\"\n\t\t\t\t\tdata-settings=\"{&quot;pagination&quot;:true,&quot;speed&quot;:1200,&quot;timeout&quot;:6000,&quot;paused&quot;:false,&quot;pause_on_hover&quot;:false,&quot;swipe&quot;:true,&quot;nav_always_show_desktop&quot;:&quot;&quot;,&quot;nav_always_show_mobile&quot;:&quot;&quot;,&quot;breakpoint&quot;:&quot;780px&quot;,&quot;unmute&quot;:false,&quot;anchor&quot;:null}\"\n\t\t\t\t\t\t\t\t\t\tdata-anchor-id=\"\"\n\t\t\t\t>\t\t<li class=\"sow-slider-image\" style=\"visibility: visible;\" >\n\t\t\t\t\t\t<img loading=\"lazy\" decoding=\"async\" width=\"2500\" height=\"1667\" src=\"https:\/\/www.merlerandmae.com\/wp-content\/uploads\/2021\/01\/ehted-38-1.jpg\" class=\"sow-slider-background-image\" alt=\"\" style=\"\" srcset=\"https:\/\/www.merlerandmae.com\/wp-content\/uploads\/2021\/01\/ehted-38-1.jpg 2500w, https:\/\/www.merlerandmae.com\/wp-content\/uploads\/2021\/01\/ehted-38-1-300x200.jpg 300w, https:\/\/www.merlerandmae.com\/wp-content\/uploads\/2021\/01\/ehted-38-1-1024x683.jpg 1024w, https:\/\/www.merlerandmae.com\/wp-content\/uploads\/2021\/01\/ehted-38-1-768x512.jpg 768w, https:\/\/www.merlerandmae.com\/wp-content\/uploads\/2021\/01\/ehted-38-1-1536x1024.jpg 1536w, https:\/\/www.merlerandmae.com\/wp-content\/uploads\/2021\/01\/ehted-38-1-2048x1366.jpg 2048w, https:\/\/www.merlerandmae.com\/wp-content\/uploads\/2021\/01\/ehted-38-1-600x400.jpg 600w, https:\/\/www.merlerandmae.com\/wp-content\/uploads\/2021\/01\/ehted-38-1-272x182.jpg 272w\" sizes=\"auto, (max-width: 2500px) 100vw, 2500px\" \/>\t\t<\/li>\n\t\t\t\t<li class=\"sow-slider-image\" style=\"visibility: hidden;\" >\n\t\t\t\t\t\t<img loading=\"lazy\" decoding=\"async\" width=\"2560\" height=\"1707\" src=\"https:\/\/www.merlerandmae.com\/wp-content\/uploads\/2022\/10\/Stiilipilt-scaled.jpg\" class=\"sow-slider-background-image\" alt=\"\" style=\"\" srcset=\"https:\/\/www.merlerandmae.com\/wp-content\/uploads\/2022\/10\/Stiilipilt-scaled.jpg 2560w, https:\/\/www.merlerandmae.com\/wp-content\/uploads\/2022\/10\/Stiilipilt-300x200.jpg 300w, https:\/\/www.merlerandmae.com\/wp-content\/uploads\/2022\/10\/Stiilipilt-1024x683.jpg 1024w, https:\/\/www.merlerandmae.com\/wp-content\/uploads\/2022\/10\/Stiilipilt-768x512.jpg 768w, https:\/\/www.merlerandmae.com\/wp-content\/uploads\/2022\/10\/Stiilipilt-1536x1024.jpg 1536w, https:\/\/www.merlerandmae.com\/wp-content\/uploads\/2022\/10\/Stiilipilt-2048x1365.jpg 2048w, https:\/\/www.merlerandmae.com\/wp-content\/uploads\/2022\/10\/Stiilipilt-600x400.jpg 600w, https:\/\/www.merlerandmae.com\/wp-content\/uploads\/2022\/10\/Stiilipilt-272x182.jpg 272w\" sizes=\"auto, (max-width: 2560px) 100vw, 2560px\" \/>\t\t<\/li>\n\t\t<\/ul>\t\t\t\t<ol class=\"sow-slider-pagination\">\n\t\t\t\t\t\t\t\t\t\t\t<li><a href=\"#\" data-goto=\"0\" aria-label=\"Display slide 1\"><\/a><\/li>\n\t\t\t\t\t\t\t\t\t\t\t<li><a href=\"#\" data-goto=\"1\" aria-label=\"Display slide 2\"><\/a><\/li>\n\t\t\t\t\t\t\t\t\t<\/ol>\n\n\t\t\t\t<div class=\"sow-slide-nav sow-slide-nav-next\">\n\t\t\t\t\t<a href=\"#\" data-goto=\"next\" aria-label=\"Next slide\" data-action=\"next\">\n\t\t\t\t\t\t<em class=\"sow-sld-icon-thin-right\"><\/em>\n\t\t\t\t\t<\/a>\n\t\t\t\t<\/div>\n\n\t\t\t\t<div class=\"sow-slide-nav sow-slide-nav-prev\">\n\t\t\t\t\t<a href=\"#\" data-goto=\"previous\" aria-label=\"Previous slide\" data-action=\"prev\">\n\t\t\t\t\t\t<em class=\"sow-sld-icon-thin-left\"><\/em>\n\t\t\t\t\t<\/a>\n\t\t\t\t<\/div>\n\t\t\t\t<\/div><\/div><\/div><\/div><\/div><div id=\"pg-481-1\"  class=\"panel-grid panel-no-style\" ><div id=\"pgc-481-1-0\"  class=\"panel-grid-cell\" ><div id=\"panel-481-1-0-0\" class=\"so-panel widget widget_sow-editor panel-first-child panel-last-child\" data-index=\"1\" ><div\n\t\t\t\n\t\t\tclass=\"so-widget-sow-editor so-widget-sow-editor-base\"\n\t\t\t\n\t\t>\n<div class=\"siteorigin-widget-tinymce textwidget\">\n\t<h1 style=\"text-align: center;\">CROWN COLLECTION<\/h1>\n<p style=\"text-align: center;\"><strong>The jewellery collection CROWN is inspired by the Christmas crown well-known in Estonia and widespread in Nordic folk culture. These structural crowns plaited from straws were a modest way for our ancestors to decorate their homes. Now, the legacy of our grandparents has been elevated to a new modern context. The recurring motif of the jewellery series is a triangle \u2013 an element that has been known since ancient times as a sign of fire and is strongly associated with the sun, which radiates light and energy. Combining several planar shapes creates an endless series of geometric structures. The collection CROWN includes three basic models: water, fire, and air, from the development of which new necklaces and earrings are born. The jewellery series CROWN is for those who prefer a minimalist and geometric form. The jewellery is airy and light, and the Nordic aesthetics are highlighted by the finely graphic effect of the selected material. Suitable for decorating everyday clothing as well as adding a refined elegance to an evening dress.<\/strong><\/p>\n<\/div>\n<\/div><\/div><\/div><\/div><div id=\"pg-481-2\"  class=\"panel-grid panel-has-style\" ><div class=\"section product-series-group panel-row-style panel-row-style-for-481-2\" ><div id=\"pgc-481-2-0\"  class=\"panel-grid-cell\" ><div class=\"product-series panel-cell-style panel-cell-style-for-481-2-0\" ><div id=\"panel-481-2-0-0\" class=\"so-panel widget widget_sow-image panel-first-child panel-last-child\" data-index=\"2\" ><div\n\t\t\t\n\t\t\tclass=\"so-widget-sow-image so-widget-sow-image-default-8b5b6f678277-481\"\n\t\t\t\n\t\t>\n<div class=\"sow-image-container\">\n\t\t\t<a href=\"https:\/\/merlerandmae.com\/en\/product-category\/crown\/fire\/\"\n\t\t\t\t\t>\n\t\t\t<img \n\tsrc=\"https:\/\/www.merlerandmae.com\/wp-content\/uploads\/2022\/10\/Stiilipilt-1-scaled.jpg\" width=\"1707\" height=\"2560\" srcset=\"https:\/\/www.merlerandmae.com\/wp-content\/uploads\/2022\/10\/Stiilipilt-1-scaled.jpg 1707w, https:\/\/www.merlerandmae.com\/wp-content\/uploads\/2022\/10\/Stiilipilt-1-200x300.jpg 200w, https:\/\/www.merlerandmae.com\/wp-content\/uploads\/2022\/10\/Stiilipilt-1-683x1024.jpg 683w, https:\/\/www.merlerandmae.com\/wp-content\/uploads\/2022\/10\/Stiilipilt-1-768x1152.jpg 768w, https:\/\/www.merlerandmae.com\/wp-content\/uploads\/2022\/10\/Stiilipilt-1-1024x1536.jpg 1024w, https:\/\/www.merlerandmae.com\/wp-content\/uploads\/2022\/10\/Stiilipilt-1-1365x2048.jpg 1365w, https:\/\/www.merlerandmae.com\/wp-content\/uploads\/2022\/10\/Stiilipilt-1-600x900.jpg 600w\" sizes=\"(max-width: 1707px) 100vw, 1707px\" title=\"NIGHT LIGHT\" alt=\"\" \t\tclass=\"so-widget-image\"\/>\n\t\t\t<\/a><\/div>\n\n<h3 class=\"widget-title\">NIGHT LIGHT<\/h3><\/div><\/div><\/div><\/div><div id=\"pgc-481-2-1\"  class=\"panel-grid-cell\" ><div class=\"product-series panel-cell-style panel-cell-style-for-481-2-1\" ><div id=\"panel-481-2-1-0\" class=\"so-panel widget widget_sow-image panel-first-child panel-last-child\" data-index=\"3\" ><div class=\"pilt-border panel-widget-style panel-widget-style-for-481-2-1-0\" ><div\n\t\t\t\n\t\t\tclass=\"so-widget-sow-image so-widget-sow-image-default-8b5b6f678277-481\"\n\t\t\t\n\t\t>\n<div class=\"sow-image-container\">\n\t\t\t<a href=\"https:\/\/merlerandmae.com\/en\/product-category\/crown\/water-en\/\"\n\t\t\t\t\t>\n\t\t\t<img \n\tsrc=\"https:\/\/www.merlerandmae.com\/wp-content\/uploads\/2022\/11\/4D0A3188-scaled.jpg\" width=\"1707\" height=\"2560\" srcset=\"https:\/\/www.merlerandmae.com\/wp-content\/uploads\/2022\/11\/4D0A3188-scaled.jpg 1707w, https:\/\/www.merlerandmae.com\/wp-content\/uploads\/2022\/11\/4D0A3188-200x300.jpg 200w, https:\/\/www.merlerandmae.com\/wp-content\/uploads\/2022\/11\/4D0A3188-683x1024.jpg 683w, https:\/\/www.merlerandmae.com\/wp-content\/uploads\/2022\/11\/4D0A3188-768x1152.jpg 768w, https:\/\/www.merlerandmae.com\/wp-content\/uploads\/2022\/11\/4D0A3188-1024x1536.jpg 1024w, https:\/\/www.merlerandmae.com\/wp-content\/uploads\/2022\/11\/4D0A3188-1365x2048.jpg 1365w, https:\/\/www.merlerandmae.com\/wp-content\/uploads\/2022\/11\/4D0A3188-600x900.jpg 600w\" sizes=\"(max-width: 1707px) 100vw, 1707px\" title=\"CROWN\" alt=\"\" \t\tclass=\"so-widget-image\"\/>\n\t\t\t<\/a><\/div>\n\n<h3 class=\"widget-title\">CROWN<\/h3><\/div><\/div><\/div><\/div><\/div><div id=\"pgc-481-2-2\"  class=\"panel-grid-cell\" ><div class=\"product-series panel-cell-style panel-cell-style-for-481-2-2\" ><div id=\"panel-481-2-2-0\" class=\"so-panel widget widget_sow-image panel-first-child panel-last-child\" data-index=\"4\" ><div\n\t\t\t\n\t\t\tclass=\"so-widget-sow-image so-widget-sow-image-default-8b5b6f678277-481\"\n\t\t\t\n\t\t>\n<div class=\"sow-image-container\">\n\t\t\t<a href=\"https:\/\/merlerandmae.com\/en\/product-category\/crown\/air-en\/\"\n\t\t\t\t\t>\n\t\t\t<img \n\tsrc=\"https:\/\/www.merlerandmae.com\/wp-content\/uploads\/2022\/10\/Stiilipilt-2-scaled.jpg\" width=\"1707\" height=\"2560\" srcset=\"https:\/\/www.merlerandmae.com\/wp-content\/uploads\/2022\/10\/Stiilipilt-2-scaled.jpg 1707w, https:\/\/www.merlerandmae.com\/wp-content\/uploads\/2022\/10\/Stiilipilt-2-200x300.jpg 200w, https:\/\/www.merlerandmae.com\/wp-content\/uploads\/2022\/10\/Stiilipilt-2-683x1024.jpg 683w, https:\/\/www.merlerandmae.com\/wp-content\/uploads\/2022\/10\/Stiilipilt-2-768x1152.jpg 768w, https:\/\/www.merlerandmae.com\/wp-content\/uploads\/2022\/10\/Stiilipilt-2-1024x1536.jpg 1024w, https:\/\/www.merlerandmae.com\/wp-content\/uploads\/2022\/10\/Stiilipilt-2-1365x2048.jpg 1365w, https:\/\/www.merlerandmae.com\/wp-content\/uploads\/2022\/10\/Stiilipilt-2-600x900.jpg 600w\" sizes=\"(max-width: 1707px) 100vw, 1707px\" title=\"RAIN\" alt=\"\" \t\tclass=\"so-widget-image\"\/>\n\t\t\t<\/a><\/div>\n\n<h3 class=\"widget-title\">RAIN<\/h3><\/div><\/div><\/div><\/div><\/div><\/div><div id=\"pg-481-3\"  class=\"panel-grid panel-has-style\" ><div class=\"section overlay-section animatedParent animateOnce siteorigin-panels-stretch panel-row-style panel-row-style-for-481-3\" data-stretch-type=\"full-stretched\" ><div id=\"pgc-481-3-0\"  class=\"panel-grid-cell\" ><div id=\"panel-481-3-0-0\" class=\"widget_text so-panel widget widget_custom_html panel-first-child panel-last-child\" data-index=\"5\" ><div class=\"textwidget custom-html-widget\"><div class=\"customer-card-box-container\">\n    <div class=\"customer-card-box\">\n        <div class=\"card-box-label\"><a href=\"merlerandmae.com\/en\/toode\/giftcard\">Gift card<\/a><\/div>\n    <\/div>\n<\/div>\n<div class=\"section-overlays overlay-left animated fadeInLeft\" data-id=\"1\"><div class=\"overlay-object\"><\/div><\/div>\n<div class=\"section-overlays overlay-right animated fadeInRight\" data-id=\"2\"><div class=\"overlay-object\"><\/div><\/div><\/div><\/div><\/div><\/div><\/div><\/div>","protected":false},"excerpt":{"rendered":"<p>CROWN COLLECTION The jewellery collection CROWN is inspired by the Christmas crown well-known in Estonia and widespread in Nordic folk culture. These structural crowns plaited from straws were a modest way for our ancestors to decorate their homes. Now, the legacy of our grandparents has been elevated to a new modern context. The recurring motif [&hellip;]<\/p>\n","protected":false},"author":1,"featured_media":0,"parent":0,"menu_order":0,"comment_status":"closed","ping_status":"closed","template":"","meta":{"_acf_changed":false,"footnotes":""},"class_list":["post-481","page","type-page","status-publish","hentry"],"acf":[],"yoast_head":"<!-- This site is optimized with the Yoast SEO plugin v26.8 - https:\/\/yoast.com\/product\/yoast-seo-wordpress\/ -->\n<title>Home &#8226; L\u00d5\u00d5M by Merle Randm\u00e4e | Eesti disain<\/title>\n<meta name=\"description\" content=\"L\u00d5\u00d5M ehtedisain on julge ja eneseteadlik, armastab m\u00e4ngulisust ja ajatut minimalismi. K\u00f5ik on Eesti disain ja k\u00e4sit\u00f6\u00f6. Vaata valikut siit!\" \/>\n<meta name=\"robots\" content=\"index, follow, max-snippet:-1, max-image-preview:large, max-video-preview:-1\" \/>\n<link rel=\"canonical\" href=\"https:\/\/merlerandmae.com\/en\/\" \/>\n<meta property=\"og:locale\" content=\"en_US\" \/>\n<meta property=\"og:type\" content=\"article\" \/>\n<meta property=\"og:title\" content=\"Home &#8226; L\u00d5\u00d5M by Merle Randm\u00e4e | Eesti disain\" \/>\n<meta property=\"og:description\" content=\"L\u00d5\u00d5M ehtedisain on julge ja eneseteadlik, armastab m\u00e4ngulisust ja ajatut minimalismi. K\u00f5ik on Eesti disain ja k\u00e4sit\u00f6\u00f6. Vaata valikut siit!\" \/>\n<meta property=\"og:url\" content=\"https:\/\/merlerandmae.com\/en\/\" \/>\n<meta property=\"og:site_name\" content=\"L\u00d5\u00d5M by Merle Randm\u00e4e | Eesti disain\" \/>\n<meta property=\"article:modified_time\" content=\"2022-11-04T00:41:36+00:00\" \/>\n<meta name=\"twitter:card\" content=\"summary_large_image\" \/>\n<meta name=\"twitter:label1\" content=\"Est. reading time\" \/>\n\t<meta name=\"twitter:data1\" content=\"1 minute\" \/>\n<script type=\"application\/ld+json\" class=\"yoast-schema-graph\">{\"@context\":\"https:\/\/schema.org\",\"@graph\":[{\"@type\":\"WebPage\",\"@id\":\"https:\/\/merlerandmae.com\/en\/\",\"url\":\"https:\/\/merlerandmae.com\/en\/\",\"name\":\"Home &#8226; L\u00d5\u00d5M by Merle Randm\u00e4e | Eesti disain\",\"isPartOf\":{\"@id\":\"https:\/\/merlerandmae.com\/en\/#website\"},\"datePublished\":\"2022-10-25T16:08:54+00:00\",\"dateModified\":\"2022-11-04T00:41:36+00:00\",\"description\":\"L\u00d5\u00d5M ehtedisain on julge ja eneseteadlik, armastab m\u00e4ngulisust ja ajatut minimalismi. K\u00f5ik on Eesti disain ja k\u00e4sit\u00f6\u00f6. Vaata valikut siit!\",\"breadcrumb\":{\"@id\":\"https:\/\/merlerandmae.com\/en\/#breadcrumb\"},\"inLanguage\":\"en-US\",\"potentialAction\":[{\"@type\":\"ReadAction\",\"target\":[\"https:\/\/merlerandmae.com\/en\/\"]}]},{\"@type\":\"BreadcrumbList\",\"@id\":\"https:\/\/merlerandmae.com\/en\/#breadcrumb\",\"itemListElement\":[{\"@type\":\"ListItem\",\"position\":1,\"name\":\"Home\",\"item\":\"https:\/\/merlerandmae.com\/en\/\"},{\"@type\":\"ListItem\",\"position\":2,\"name\":\"Home\"}]},{\"@type\":\"WebSite\",\"@id\":\"https:\/\/merlerandmae.com\/en\/#website\",\"url\":\"https:\/\/merlerandmae.com\/en\/\",\"name\":\"L\u00d5\u00d5M by Merle Randm\u00e4e | Eesti disain\",\"description\":\"K\u00e4sit\u00f6\u00f6ehted, k\u00f5rvar\u00f5ngad, ripatsid\",\"publisher\":{\"@id\":\"https:\/\/merlerandmae.com\/en\/#organization\"},\"potentialAction\":[{\"@type\":\"SearchAction\",\"target\":{\"@type\":\"EntryPoint\",\"urlTemplate\":\"https:\/\/merlerandmae.com\/en\/?s={search_term_string}\"},\"query-input\":{\"@type\":\"PropertyValueSpecification\",\"valueRequired\":true,\"valueName\":\"search_term_string\"}}],\"inLanguage\":\"en-US\"},{\"@type\":\"Organization\",\"@id\":\"https:\/\/merlerandmae.com\/en\/#organization\",\"name\":\"L\u00d5\u00d5M by Merle Randm\u00e4e | Eesti disain\",\"url\":\"https:\/\/merlerandmae.com\/en\/\",\"logo\":{\"@type\":\"ImageObject\",\"inLanguage\":\"en-US\",\"@id\":\"https:\/\/merlerandmae.com\/en\/#\/schema\/logo\/image\/\",\"url\":\"https:\/\/www.merlerandmae.com\/wp-content\/uploads\/2020\/11\/LOOM_logo.svg\",\"contentUrl\":\"https:\/\/www.merlerandmae.com\/wp-content\/uploads\/2020\/11\/LOOM_logo.svg\",\"width\":128,\"height\":100,\"caption\":\"L\u00d5\u00d5M by Merle Randm\u00e4e | Eesti disain\"},\"image\":{\"@id\":\"https:\/\/merlerandmae.com\/en\/#\/schema\/logo\/image\/\"}}]}<\/script>\n<!-- \/ Yoast SEO plugin. -->","yoast_head_json":{"title":"Home &#8226; L\u00d5\u00d5M by Merle Randm\u00e4e | Eesti disain","description":"L\u00d5\u00d5M ehtedisain on julge ja eneseteadlik, armastab m\u00e4ngulisust ja ajatut minimalismi. K\u00f5ik on Eesti disain ja k\u00e4sit\u00f6\u00f6. Vaata valikut siit!","robots":{"index":"index","follow":"follow","max-snippet":"max-snippet:-1","max-image-preview":"max-image-preview:large","max-video-preview":"max-video-preview:-1"},"canonical":"https:\/\/merlerandmae.com\/en\/","og_locale":"en_US","og_type":"article","og_title":"Home &#8226; L\u00d5\u00d5M by Merle Randm\u00e4e | Eesti disain","og_description":"L\u00d5\u00d5M ehtedisain on julge ja eneseteadlik, armastab m\u00e4ngulisust ja ajatut minimalismi. K\u00f5ik on Eesti disain ja k\u00e4sit\u00f6\u00f6. Vaata valikut siit!","og_url":"https:\/\/merlerandmae.com\/en\/","og_site_name":"L\u00d5\u00d5M by Merle Randm\u00e4e | Eesti disain","article_modified_time":"2022-11-04T00:41:36+00:00","twitter_card":"summary_large_image","twitter_misc":{"Est. reading time":"1 minute"},"schema":{"@context":"https:\/\/schema.org","@graph":[{"@type":"WebPage","@id":"https:\/\/merlerandmae.com\/en\/","url":"https:\/\/merlerandmae.com\/en\/","name":"Home &#8226; L\u00d5\u00d5M by Merle Randm\u00e4e | Eesti disain","isPartOf":{"@id":"https:\/\/merlerandmae.com\/en\/#website"},"datePublished":"2022-10-25T16:08:54+00:00","dateModified":"2022-11-04T00:41:36+00:00","description":"L\u00d5\u00d5M ehtedisain on julge ja eneseteadlik, armastab m\u00e4ngulisust ja ajatut minimalismi. K\u00f5ik on Eesti disain ja k\u00e4sit\u00f6\u00f6. Vaata valikut siit!","breadcrumb":{"@id":"https:\/\/merlerandmae.com\/en\/#breadcrumb"},"inLanguage":"en-US","potentialAction":[{"@type":"ReadAction","target":["https:\/\/merlerandmae.com\/en\/"]}]},{"@type":"BreadcrumbList","@id":"https:\/\/merlerandmae.com\/en\/#breadcrumb","itemListElement":[{"@type":"ListItem","position":1,"name":"Home","item":"https:\/\/merlerandmae.com\/en\/"},{"@type":"ListItem","position":2,"name":"Home"}]},{"@type":"WebSite","@id":"https:\/\/merlerandmae.com\/en\/#website","url":"https:\/\/merlerandmae.com\/en\/","name":"L\u00d5\u00d5M by Merle Randm\u00e4e | Eesti disain","description":"K\u00e4sit\u00f6\u00f6ehted, k\u00f5rvar\u00f5ngad, ripatsid","publisher":{"@id":"https:\/\/merlerandmae.com\/en\/#organization"},"potentialAction":[{"@type":"SearchAction","target":{"@type":"EntryPoint","urlTemplate":"https:\/\/merlerandmae.com\/en\/?s={search_term_string}"},"query-input":{"@type":"PropertyValueSpecification","valueRequired":true,"valueName":"search_term_string"}}],"inLanguage":"en-US"},{"@type":"Organization","@id":"https:\/\/merlerandmae.com\/en\/#organization","name":"L\u00d5\u00d5M by Merle Randm\u00e4e | Eesti disain","url":"https:\/\/merlerandmae.com\/en\/","logo":{"@type":"ImageObject","inLanguage":"en-US","@id":"https:\/\/merlerandmae.com\/en\/#\/schema\/logo\/image\/","url":"https:\/\/www.merlerandmae.com\/wp-content\/uploads\/2020\/11\/LOOM_logo.svg","contentUrl":"https:\/\/www.merlerandmae.com\/wp-content\/uploads\/2020\/11\/LOOM_logo.svg","width":128,"height":100,"caption":"L\u00d5\u00d5M by Merle Randm\u00e4e | Eesti disain"},"image":{"@id":"https:\/\/merlerandmae.com\/en\/#\/schema\/logo\/image\/"}}]}},"_links":{"self":[{"href":"https:\/\/www.merlerandmae.com\/en\/wp-json\/wp\/v2\/pages\/481","targetHints":{"allow":["GET"]}}],"collection":[{"href":"https:\/\/www.merlerandmae.com\/en\/wp-json\/wp\/v2\/pages"}],"about":[{"href":"https:\/\/www.merlerandmae.com\/en\/wp-json\/wp\/v2\/types\/page"}],"author":[{"embeddable":true,"href":"https:\/\/www.merlerandmae.com\/en\/wp-json\/wp\/v2\/users\/1"}],"replies":[{"embeddable":true,"href":"https:\/\/www.merlerandmae.com\/en\/wp-json\/wp\/v2\/comments?post=481"}],"version-history":[{"count":5,"href":"https:\/\/www.merlerandmae.com\/en\/wp-json\/wp\/v2\/pages\/481\/revisions"}],"predecessor-version":[{"id":752,"href":"https:\/\/www.merlerandmae.com\/en\/wp-json\/wp\/v2\/pages\/481\/revisions\/752"}],"wp:attachment":[{"href":"https:\/\/www.merlerandmae.com\/en\/wp-json\/wp\/v2\/media?parent=481"}],"curies":[{"name":"wp","href":"https:\/\/api.w.org\/{rel}","templated":true}]}}